{"id":6443,"date":"2015-10-10T16:43:30","date_gmt":"2015-10-10T16:43:30","guid":{"rendered":"http:\/\/logopaedia.at\/index.php\/home\/"},"modified":"2025-01-23T14:46:50","modified_gmt":"2025-01-23T13:46:50","slug":"home","status":"publish","type":"page","link":"https:\/\/logopaedia.at\/","title":{"rendered":"Home"},"content":{"rendered":"<p>[vc_row bg_type=&#8221;color&#8221; equal_column_height=&#8221;equal-column&#8221; padding_top=&#8221;0&#8243; padding_bottom=&#8221;0&#8243; margin_bottom=&#8221;0&#8243;][vc_column width=&#8221;1\/2&#8243; css=&#8221;.vc_custom_1709769975340{padding-top: 0px !important;padding-right: 14% !important;padding-bottom: 0px !important;padding-left: 6% !important;}&#8221;]<div class=\"grve-element grve-image grve-animated-item grve-fadeInUp grve-align-center\" style=\"margin-bottom: 32px;\" data-delay=\"200\"><img loading=\"lazy\" decoding=\"async\" width=\"677\" height=\"1024\" src=\"https:\/\/logopaedia.at\/wp-content\/uploads\/2024\/03\/LOGOPAEDIA-Homepage-677x1024.png\" class=\"attachment-large size-large\" alt=\"\" srcset=\"https:\/\/logopaedia.at\/wp-content\/uploads\/2024\/03\/LOGOPAEDIA-Homepage-677x1024.png 677w, https:\/\/logopaedia.at\/wp-content\/uploads\/2024\/03\/LOGOPAEDIA-Homepage-198x300.png 198w, https:\/\/logopaedia.at\/wp-content\/uploads\/2024\/03\/LOGOPAEDIA-Homepage-768x1162.png 768w, https:\/\/logopaedia.at\/wp-content\/uploads\/2024\/03\/LOGOPAEDIA-Homepage-1015x1536.png 1015w, https:\/\/logopaedia.at\/wp-content\/uploads\/2024\/03\/LOGOPAEDIA-Homepage.png 1053w\" sizes=\"auto, (max-width: 677px) 100vw, 677px\" \/><\/div>[\/vc_column][vc_column vertical_content_position=&#8221;bottom&#8221; width=&#8221;1\/2&#8243;]<div class=\"grve-element grve-image grve-animated-item grve-fadeInUp grve-align-center\" style=\"margin-bottom: 32px;\" data-delay=\"200\"><img loading=\"lazy\" decoding=\"async\" width=\"472\" height=\"472\" src=\"https:\/\/logopaedia.at\/wp-content\/uploads\/2024\/03\/Sandra-e1709666019134.png\" class=\"grve-circle attachment-full size-full\" alt=\"\" srcset=\"https:\/\/logopaedia.at\/wp-content\/uploads\/2024\/03\/Sandra-e1709666019134.png 472w, https:\/\/logopaedia.at\/wp-content\/uploads\/2024\/03\/Sandra-e1709666019134-300x300.png 300w, https:\/\/logopaedia.at\/wp-content\/uploads\/2024\/03\/Sandra-e1709666019134-150x150.png 150w\" sizes=\"auto, (max-width: 472px) 100vw, 472px\" \/><\/div>[\/vc_column][\/vc_row][vc_row font_color=&#8221;#777777&#8243;][vc_column css=&#8221;.vc_custom_1671625080423{padding-top: 20px !important;background-color: #ffffff !important;border-radius: 35px !important;}&#8221;][vc_tta_accordion section_title_tag=&#8221;h2&#8243; c_icon=&#8221;chevron&#8221; active_section=&#8221;4&#8243; collapsible_all=&#8221;true&#8221;][vc_tta_section i_icon_fontawesome=&#8221;fas fa-comment&#8221; add_icon=&#8221;true&#8221; title=&#8221;Leistungen&#8221; tab_id=&#8221;1671579239869-ac5ffbf1-a7e4&#8243;][vc_row_inner][vc_column_inner width=&#8221;1\/2&#8243;][vc_column_text]Ich biete die Behandlung von folgenden logop\u00e4dischen St\u00f6rungsbildern an:<\/p>\n<ul>\n<li>Aphasischen St\u00f6rungen (Wortfindungsst\u00f6rungen)<\/li>\n<li><span style=\"font-family: inherit; font-size: inherit; font-style: inherit; font-variant-caps: inherit;\">Sprechapraxie und Dysarthrie (sprechmotorische St\u00f6rungen)<\/span><\/li>\n<li><span style=\"font-family: inherit; font-size: inherit; font-style: inherit; font-variant-caps: inherit;\">Orofaziale Dysfunktionen (OFD)<\/span><\/li>\n<li><span style=\"font-family: inherit; font-size: inherit; font-style: inherit; font-variant-caps: inherit;\">Fazialisparesen (Gesichtsl\u00e4hmungen)<\/span><\/li>\n<li><span style=\"font-family: inherit; font-size: inherit; font-style: inherit; font-variant-caps: inherit;\">Sprachentwicklungsst\u00f6rungen (SES)<\/span><\/li>\n<li><span style=\"font-family: inherit; font-size: inherit; font-style: inherit; font-variant-caps: inherit;\">Dyslalie (Aussprachest\u00f6rungen, Lautfehlbildungen)<\/span><\/li>\n<li><span style=\"font-family: inherit; font-size: inherit; font-style: inherit; font-variant-caps: inherit;\">Gezieltes H\u00f6rtraining bei H\u00f6rger\u00e4te- oder CI-Versorgung<\/span><\/li>\n<li><span style=\"font-family: inherit; font-size: inherit; font-style: inherit; font-variant-caps: inherit;\">Dysphagie (Schluckst\u00f6rung) sowohl neurologischer als auch onkologischer Ursache<\/span><\/li>\n<\/ul>\n<blockquote><p>Liebe Patientin, lieber Patient, aus Kapazit\u00e4tsgr\u00fcnden k\u00f6nnen bis auf Weiteres keine Hausbesuche angeboten werden.<\/p><\/blockquote>\n<p>[\/vc_column_text][\/vc_column_inner][vc_column_inner width=&#8221;1\/2&#8243;]<div class=\"grve-element grve-image grve-animated-item grve-zoomIn grve-align-center\" style=\"\" data-delay=\"200\"><img loading=\"lazy\" decoding=\"async\" width=\"426\" height=\"426\" src=\"https:\/\/logopaedia.at\/wp-content\/uploads\/2024\/03\/image3-e1709663110815.png\" class=\"attachment-large size-large\" alt=\"\" srcset=\"https:\/\/logopaedia.at\/wp-content\/uploads\/2024\/03\/image3-e1709663110815.png 426w, https:\/\/logopaedia.at\/wp-content\/uploads\/2024\/03\/image3-e1709663110815-300x300.png 300w, https:\/\/logopaedia.at\/wp-content\/uploads\/2024\/03\/image3-e1709663110815-150x150.png 150w\" sizes=\"auto, (max-width: 426px) 100vw, 426px\" \/><\/div>[\/vc_column_inner][\/vc_row_inner][\/vc_tta_section][vc_tta_section i_icon_fontawesome=&#8221;fas fa-calendar-alt&#8221; add_icon=&#8221;true&#8221; title=&#8221;Termine&#8221; tab_id=&#8221;1671579239912-2a018799-ee45&#8243;][vc_row_inner][vc_column_inner width=&#8221;1\/2&#8243;][vc_column_text]F\u00fcr die Terminvergabe bitte ich um telefonische Kontaktaufnahme oder senden Sie mir eine Email an <a href=\"mailto:termin@logopaedia.at\">termin@logopaedia.at<\/a>.<\/p>\n<p>Sollten Sie au\u00dferhalb der Praxiszeiten oder w\u00e4hrend einer Therapieeinheit anrufen, rufe ich sp\u00e4testens am n\u00e4chsten Werktag zur\u00fcck. Bitte hinterlassen Sie Name, Alter des\/der Patienten\/in, Grund f\u00fcr die logop\u00e4dische Anfrage und bei E-Mail-Kontaktaufnahme zus\u00e4tzlich eine Telefonnummer f\u00fcr den R\u00fcckruf.<\/p>\n<p>Oder verwenden Sie das untenstehende <a href=\"#kontakt\">Kontaktformular<\/a>.[\/vc_column_text][\/vc_column_inner][vc_column_inner width=&#8221;1\/2&#8243;]<div class=\"grve-element grve-image grve-animated-item grve-zoomIn grve-align-center\" style=\"\" data-delay=\"200\"><img loading=\"lazy\" decoding=\"async\" width=\"426\" height=\"426\" src=\"https:\/\/logopaedia.at\/wp-content\/uploads\/2024\/03\/image1-1-e1709665243368.png\" class=\"attachment-large size-large\" alt=\"\" srcset=\"https:\/\/logopaedia.at\/wp-content\/uploads\/2024\/03\/image1-1-e1709665243368.png 426w, https:\/\/logopaedia.at\/wp-content\/uploads\/2024\/03\/image1-1-e1709665243368-300x300.png 300w, https:\/\/logopaedia.at\/wp-content\/uploads\/2024\/03\/image1-1-e1709665243368-150x150.png 150w\" sizes=\"auto, (max-width: 426px) 100vw, 426px\" \/><\/div>[\/vc_column_inner][\/vc_row_inner][\/vc_tta_section][vc_tta_section i_icon_fontawesome=&#8221;fas fa-info-circle&#8221; add_icon=&#8221;true&#8221; title=&#8221;Ablauf&#8221; tab_id=&#8221;1671579309547-e742755e-d3ac&#8221;][vc_row_inner][vc_column_inner width=&#8221;1\/2&#8243;][vc_column_text]Vor dem 1. Termin ben\u00f6tigen Sie einen Verordnungsschein f\u00fcr die logop\u00e4dische Therapie (von Fach- oder Haus\u00e4rztin\/arzt ausgestellt). Ebenso m\u00fcssen die Anzahl und Dauer der Einheiten darauf vermerkt sein (z.B. 10 Einheiten \u00e1 60min).[\/vc_column_text][\/vc_column_inner][vc_column_inner width=&#8221;1\/2&#8243;]<div class=\"grve-element grve-image grve-animated-item grve-zoomIn grve-align-center\" style=\"\" data-delay=\"200\"><img loading=\"lazy\" decoding=\"async\" width=\"426\" height=\"426\" src=\"https:\/\/logopaedia.at\/wp-content\/uploads\/2024\/03\/image4-e1709665148902.png\" class=\"attachment-large size-large\" alt=\"\" srcset=\"https:\/\/logopaedia.at\/wp-content\/uploads\/2024\/03\/image4-e1709665148902.png 426w, https:\/\/logopaedia.at\/wp-content\/uploads\/2024\/03\/image4-e1709665148902-300x300.png 300w, https:\/\/logopaedia.at\/wp-content\/uploads\/2024\/03\/image4-e1709665148902-150x150.png 150w\" sizes=\"auto, (max-width: 426px) 100vw, 426px\" \/><\/div>[\/vc_column_inner][\/vc_row_inner][\/vc_tta_section][vc_tta_section i_icon_fontawesome=&#8221;fas fa-wallet&#8221; add_icon=&#8221;true&#8221; title=&#8221;Kosten&#8221; tab_id=&#8221;1671579310588-4c45c6ff-3591&#8243;][vc_row_inner][vc_column_inner width=&#8221;1\/2&#8243;][vc_column_text]<\/p>\n<blockquote><p>Als Vertragslogop\u00e4din der \u00d6GK werden die Kosten vollst\u00e4ndig von der \u00f6sterreichischen Gesundheitskasse \u00fcbernommen. Das bedeutet, es fallen keine Kosten f\u00fcr Sie an.<\/p><\/blockquote>\n<p>Als Wahllogop\u00e4din aller anderen Kassen werden je nach Versicherung ca 50% der Honorarnote ersetzt.<\/p>\n<ul>\n<li>30min: \u20ac47,-<\/li>\n<li><span style=\"font-family: inherit; font-size: inherit; font-style: inherit; font-variant-caps: inherit;\">45min: \u20ac70,-<\/span><\/li>\n<li><span style=\"font-family: inherit; font-size: inherit; font-style: inherit; font-variant-caps: inherit;\">60min: \u20ac95,-<\/span><\/li>\n<\/ul>\n<p>Die Kosten sind nach jeder Einheit in bar oder per \u00dcberweisung an Sandra Fr\u00f6ller (IBAN: AT83 \u200d 1200 \u200d 0514 \u200d 5527 \u200d 1101) zu entrichten.[\/vc_column_text][\/vc_column_inner][vc_column_inner width=&#8221;1\/2&#8243;]<div class=\"grve-element grve-image grve-animated-item grve-zoomIn grve-align-center\" style=\"\" data-delay=\"200\"><img loading=\"lazy\" decoding=\"async\" width=\"426\" height=\"426\" src=\"https:\/\/logopaedia.at\/wp-content\/uploads\/2024\/03\/image0-e1709664299190.png\" class=\"attachment-large size-large\" alt=\"\" srcset=\"https:\/\/logopaedia.at\/wp-content\/uploads\/2024\/03\/image0-e1709664299190.png 426w, https:\/\/logopaedia.at\/wp-content\/uploads\/2024\/03\/image0-e1709664299190-300x300.png 300w, https:\/\/logopaedia.at\/wp-content\/uploads\/2024\/03\/image0-e1709664299190-150x150.png 150w\" sizes=\"auto, (max-width: 426px) 100vw, 426px\" \/><\/div>[\/vc_column_inner][\/vc_row_inner][\/vc_tta_section][vc_tta_section i_icon_fontawesome=&#8221;fas fa-map-signs&#8221; add_icon=&#8221;true&#8221; title=&#8221;Anfahrt&#8221; tab_id=&#8221;1705694126072-194dd45e-5ca9&#8243;][vc_row_inner][vc_column_inner width=&#8221;2\/3&#8243;]<div class=\"grve-map-wrapper\">  <div class=\"grve-element grve-map\" data-lat=\"47.997218\" data-lng=\"16.255752\" data-zoom=\"16\" data-disable-style=\"no\" style=\"height: 400px;\"><\/div>  <div style=\"display:none\" class=\"grve-map-point\" data-point-lat=\"47.997218\" data-point-lng=\"16.255752\" data-point-marker=\"https:\/\/logopaedia.at\/wp-content\/uploads\/2024\/01\/LOGOPAEDIA-Marker-1.png\" data-point-title=\"\"><\/div><\/div>[\/vc_column_inner][vc_column_inner width=&#8221;1\/3&#8243;][vc_column_text]<\/p>\n<blockquote>\n<h5>Adresse:<\/h5>\n<p>MEDICENT Baden<br \/>\nGrundauerweg 15<br \/>\n2500 Baden<\/p><\/blockquote>\n<p>[\/vc_column_text][\/vc_column_inner][\/vc_row_inner][\/vc_tta_section][vc_tta_section i_icon_fontawesome=&#8221;fas fa-address-book&#8221; add_icon=&#8221;true&#8221; title=&#8221;Kontakt&#8221; tab_id=&#8221;kontakt&#8221;][vc_row_inner][vc_column_inner width=&#8221;2\/3&#8243;][vc_column_text]<\/p>\n<h5><span style=\"font-family: inherit; font-size: 1.1em; font-style: inherit; font-variant-caps: inherit;\">Kontaktformular:<\/span><\/h5>\n<p>[\/vc_column_text]\n<div class=\"wpcf7 no-js\" id=\"wpcf7-f142-o1\" lang=\"de-DE\" dir=\"ltr\" data-wpcf7-id=\"142\">\n<div class=\"screen-reader-response\"><p role=\"status\" aria-live=\"polite\" aria-atomic=\"true\"><\/p> <ul><\/ul><\/div>\n<form action=\"\/index.php\/wp-json\/wp\/v2\/pages\/6443#wpcf7-f142-o1\" method=\"post\" class=\"wpcf7-form init\" aria-label=\"Kontaktformular\" novalidate=\"novalidate\" data-status=\"init\">\n<fieldset class=\"hidden-fields-container\"><input type=\"hidden\" name=\"_wpcf7\" value=\"142\" \/><input type=\"hidden\" name=\"_wpcf7_version\" value=\"6.1.1\" \/><input type=\"hidden\" name=\"_wpcf7_locale\" value=\"de_DE\" \/><input type=\"hidden\" name=\"_wpcf7_unit_tag\" value=\"wpcf7-f142-o1\" \/><input type=\"hidden\" name=\"_wpcf7_container_post\" value=\"0\" \/><input type=\"hidden\" name=\"_wpcf7_posted_data_hash\" value=\"\" \/>\n<\/fieldset>\n<p><label> Ihr Name (Pflichtfeld)<br \/>\n<span class=\"wpcf7-form-control-wrap\" data-name=\"your-name\"><input size=\"40\" maxlength=\"400\" class=\"wpcf7-form-control wpcf7-text wpcf7-validates-as-required\" aria-required=\"true\" aria-invalid=\"false\" value=\"\" type=\"text\" name=\"your-name\" \/><\/span> <\/label><br \/>\n<label> Ihre E-Mail-Adresse (Pflichtfeld)<br \/>\n<span class=\"wpcf7-form-control-wrap\" data-name=\"your-email\"><input size=\"40\" maxlength=\"400\" class=\"wpcf7-form-control wpcf7-email wpcf7-validates-as-required wpcf7-text wpcf7-validates-as-email\" aria-required=\"true\" aria-invalid=\"false\" value=\"\" type=\"email\" name=\"your-email\" \/><\/span> <\/label><br \/>\n<label> Ihre Telefonnummer (Pflichtfeld)<br \/>\n<span class=\"wpcf7-form-control-wrap\" data-name=\"your-tel\"><input size=\"40\" maxlength=\"400\" class=\"wpcf7-form-control wpcf7-tel wpcf7-validates-as-required wpcf7-text wpcf7-validates-as-tel\" aria-required=\"true\" aria-invalid=\"false\" value=\"\" type=\"tel\" name=\"your-tel\" \/><\/span> <\/label><br \/>\n<label> Betreff<br \/>\n<span class=\"wpcf7-form-control-wrap\" data-name=\"your-subject\"><input size=\"40\" maxlength=\"400\" class=\"wpcf7-form-control wpcf7-text\" aria-invalid=\"false\" value=\"\" type=\"text\" name=\"your-subject\" \/><\/span> <\/label><br \/>\n<label> Ihre Nachricht<br \/>\n<span class=\"wpcf7-form-control-wrap\" data-name=\"your-message\"><textarea cols=\"40\" rows=\"10\" maxlength=\"2000\" class=\"wpcf7-form-control wpcf7-textarea\" aria-invalid=\"false\" name=\"your-message\"><\/textarea><\/span> <\/label><br \/>\n<input class=\"wpcf7-form-control wpcf7-submit has-spinner\" type=\"submit\" value=\"Senden\" \/>\n<\/p><input type='hidden' class='wpcf7-pum' value='{\"closepopup\":false,\"closedelay\":0,\"openpopup\":false,\"openpopup_id\":0}' \/><div class=\"wpcf7-response-output\" aria-hidden=\"true\"><\/div>\n<\/form>\n<\/div>\n[\/vc_column_inner][vc_column_inner width=&#8221;1\/3&#8243;][vc_column_text]<\/p>\n<blockquote>\n<h5>Email:<\/h5>\n<p><a href=\"mailto:office@logopaedia.at\">office@logopaedia.at<\/a><\/p>\n<h5>Telefon:<\/h5>\n<p>+43 677 61688680<\/p>\n<h5>Adresse:<\/h5>\n<p>MEDICENT Baden<br \/>\nGrundauerweg 15<br \/>\n2500 Baden<\/p><\/blockquote>\n<p>[\/vc_column_text][\/vc_column_inner][\/vc_row_inner][\/vc_tta_section][\/vc_tta_accordion][\/vc_column][\/vc_row]<\/p>\n","protected":false},"excerpt":{"rendered":"<p>[vc_row bg_type=&#8221;color&#8221; equal_column_height=&#8221;equal-column&#8221; padding_top=&#8221;0&#8243; padding_bottom=&#8221;0&#8243; margin_bottom=&#8221;0&#8243;][vc_column width=&#8221;1\/2&#8243; css=&#8221;.vc_custom_1709769975340{padding-top: 0px !important;padding-right: 14% !important;padding-bottom: 0px !important;padding-left: 6% !important;}&#8221;][\/vc_column][vc_column vertical_content_position=&#8221;bottom&#8221; width=&#8221;1\/2&#8243;][\/vc_column][\/vc_row][vc_row font_color=&#8221;#777777&#8243;][vc_column css=&#8221;.vc_custom_1671625080423{padding-top: 20px !important;background-color: #ffffff !important;border-radius: 35px !important;}&#8221;][vc_tta_accordion section_title_tag=&#8221;h2&#8243; c_icon=&#8221;chevron&#8221; active_section=&#8221;4&#8243; collapsible_all=&#8221;true&#8221;][vc_tta_section i_icon_fontawesome=&#8221;fas fa-comment&#8221; add_icon=&#8221;true&#8221; title=&#8221;Leistungen&#8221; tab_id=&#8221;1671579239869-ac5ffbf1-a7e4&#8243;][vc_row_inner][vc_column_inner width=&#8221;1\/2&#8243;][vc_column_text]Ich biete die Behandlung von folgenden logop\u00e4dischen St\u00f6rungsbildern an: Aphasischen St\u00f6rungen (Wortfindungsst\u00f6rungen) Sprechapraxie und Dysarthrie (sprechmotorische St\u00f6rungen) Orofaziale Dysfunktionen (OFD) [&hellip;]<\/p>\n","protected":false},"author":1,"featured_media":0,"parent":0,"menu_order":0,"comment_status":"closed","ping_status":"closed","template":"","meta":{"footnotes":""},"class_list":["post-6443","page","type-page","status-publish","hentry"],"yoast_head":"<!-- This site is optimized with the Yoast SEO plugin v24.3 - https:\/\/yoast.com\/wordpress\/plugins\/seo\/ -->\n<title>LOGOPAEDIA - Logop\u00e4dische Praxis - Sandra Fr\u00f6ller, BSc.<\/title>\n<meta name=\"description\" content=\"Vertragslogop\u00e4din der \u00d6GK und Wahllogop\u00e4din aller anderen Gesundheitskassen\" \/>\n<meta name=\"robots\" content=\"index, follow, max-snippet:-1, max-image-preview:large, max-video-preview:-1\" \/>\n<link rel=\"canonical\" href=\"https:\/\/logopaedia.at\/\" \/>\n<meta property=\"og:locale\" content=\"de_DE\" \/>\n<meta property=\"og:type\" content=\"article\" \/>\n<meta property=\"og:title\" content=\"LOGOPAEDIA - Logop\u00e4dische Praxis - Sandra Fr\u00f6ller, BSc.\" \/>\n<meta property=\"og:description\" content=\"Vertragslogop\u00e4din der \u00d6GK und Wahllogop\u00e4din aller anderen Gesundheitskassen\" \/>\n<meta property=\"og:url\" content=\"https:\/\/logopaedia.at\/\" \/>\n<meta property=\"og:site_name\" content=\"LOGOPAEDIA\" \/>\n<meta property=\"article:modified_time\" content=\"2025-01-23T13:46:50+00:00\" \/>\n<meta name=\"twitter:card\" content=\"summary_large_image\" \/>\n<meta name=\"twitter:label1\" content=\"Gesch\u00e4tzte Lesezeit\" \/>\n\t<meta name=\"twitter:data1\" content=\"3 minutes\" \/>\n<script type=\"application\/ld+json\" class=\"yoast-schema-graph\">{\"@context\":\"https:\/\/schema.org\",\"@graph\":[{\"@type\":\"WebPage\",\"@id\":\"https:\/\/logopaedia.at\/\",\"url\":\"https:\/\/logopaedia.at\/\",\"name\":\"LOGOPAEDIA - Logop\u00e4dische Praxis - Sandra Fr\u00f6ller, BSc.\",\"isPartOf\":{\"@id\":\"https:\/\/logopaedia.at\/#website\"},\"datePublished\":\"2015-10-10T16:43:30+00:00\",\"dateModified\":\"2025-01-23T13:46:50+00:00\",\"description\":\"Vertragslogop\u00e4din der \u00d6GK und Wahllogop\u00e4din aller anderen Gesundheitskassen\",\"breadcrumb\":{\"@id\":\"https:\/\/logopaedia.at\/#breadcrumb\"},\"inLanguage\":\"de-DE\",\"potentialAction\":[{\"@type\":\"ReadAction\",\"target\":[\"https:\/\/logopaedia.at\/\"]}]},{\"@type\":\"BreadcrumbList\",\"@id\":\"https:\/\/logopaedia.at\/#breadcrumb\",\"itemListElement\":[{\"@type\":\"ListItem\",\"position\":1,\"name\":\"Startseite\",\"item\":\"https:\/\/logopaedia.at\/\"},{\"@type\":\"ListItem\",\"position\":2,\"name\":\"Home\"}]},{\"@type\":\"WebSite\",\"@id\":\"https:\/\/logopaedia.at\/#website\",\"url\":\"https:\/\/logopaedia.at\/\",\"name\":\"LOGOPAEDIA\",\"description\":\"Logop\u00e4dische Praxis - Sandra Fr\u00f6ller, BSc.\",\"publisher\":{\"@id\":\"https:\/\/logopaedia.at\/#organization\"},\"alternateName\":\"Logopaedia\",\"potentialAction\":[{\"@type\":\"SearchAction\",\"target\":{\"@type\":\"EntryPoint\",\"urlTemplate\":\"https:\/\/logopaedia.at\/?s={search_term_string}\"},\"query-input\":{\"@type\":\"PropertyValueSpecification\",\"valueRequired\":true,\"valueName\":\"search_term_string\"}}],\"inLanguage\":\"de-DE\"},{\"@type\":\"Organization\",\"@id\":\"https:\/\/logopaedia.at\/#organization\",\"name\":\"LOGOPAEDIA\",\"url\":\"https:\/\/logopaedia.at\/\",\"logo\":{\"@type\":\"ImageObject\",\"inLanguage\":\"de-DE\",\"@id\":\"https:\/\/logopaedia.at\/#\/schema\/logo\/image\/\",\"url\":\"https:\/\/logopaedia.at\/wp-content\/uploads\/2023\/01\/favicon.ico.png\",\"contentUrl\":\"https:\/\/logopaedia.at\/wp-content\/uploads\/2023\/01\/favicon.ico.png\",\"width\":512,\"height\":512,\"caption\":\"LOGOPAEDIA\"},\"image\":{\"@id\":\"https:\/\/logopaedia.at\/#\/schema\/logo\/image\/\"}}]}<\/script>\n<!-- \/ Yoast SEO plugin. -->","yoast_head_json":{"title":"LOGOPAEDIA - Logop\u00e4dische Praxis - Sandra Fr\u00f6ller, BSc.","description":"Vertragslogop\u00e4din der \u00d6GK und Wahllogop\u00e4din aller anderen Gesundheitskassen","robots":{"index":"index","follow":"follow","max-snippet":"max-snippet:-1","max-image-preview":"max-image-preview:large","max-video-preview":"max-video-preview:-1"},"canonical":"https:\/\/logopaedia.at\/","og_locale":"de_DE","og_type":"article","og_title":"LOGOPAEDIA - Logop\u00e4dische Praxis - Sandra Fr\u00f6ller, BSc.","og_description":"Vertragslogop\u00e4din der \u00d6GK und Wahllogop\u00e4din aller anderen Gesundheitskassen","og_url":"https:\/\/logopaedia.at\/","og_site_name":"LOGOPAEDIA","article_modified_time":"2025-01-23T13:46:50+00:00","twitter_card":"summary_large_image","twitter_misc":{"Gesch\u00e4tzte Lesezeit":"3 minutes"},"schema":{"@context":"https:\/\/schema.org","@graph":[{"@type":"WebPage","@id":"https:\/\/logopaedia.at\/","url":"https:\/\/logopaedia.at\/","name":"LOGOPAEDIA - Logop\u00e4dische Praxis - Sandra Fr\u00f6ller, BSc.","isPartOf":{"@id":"https:\/\/logopaedia.at\/#website"},"datePublished":"2015-10-10T16:43:30+00:00","dateModified":"2025-01-23T13:46:50+00:00","description":"Vertragslogop\u00e4din der \u00d6GK und Wahllogop\u00e4din aller anderen Gesundheitskassen","breadcrumb":{"@id":"https:\/\/logopaedia.at\/#breadcrumb"},"inLanguage":"de-DE","potentialAction":[{"@type":"ReadAction","target":["https:\/\/logopaedia.at\/"]}]},{"@type":"BreadcrumbList","@id":"https:\/\/logopaedia.at\/#breadcrumb","itemListElement":[{"@type":"ListItem","position":1,"name":"Startseite","item":"https:\/\/logopaedia.at\/"},{"@type":"ListItem","position":2,"name":"Home"}]},{"@type":"WebSite","@id":"https:\/\/logopaedia.at\/#website","url":"https:\/\/logopaedia.at\/","name":"LOGOPAEDIA","description":"Logop\u00e4dische Praxis - Sandra Fr\u00f6ller, BSc.","publisher":{"@id":"https:\/\/logopaedia.at\/#organization"},"alternateName":"Logopaedia","potentialAction":[{"@type":"SearchAction","target":{"@type":"EntryPoint","urlTemplate":"https:\/\/logopaedia.at\/?s={search_term_string}"},"query-input":{"@type":"PropertyValueSpecification","valueRequired":true,"valueName":"search_term_string"}}],"inLanguage":"de-DE"},{"@type":"Organization","@id":"https:\/\/logopaedia.at\/#organization","name":"LOGOPAEDIA","url":"https:\/\/logopaedia.at\/","logo":{"@type":"ImageObject","inLanguage":"de-DE","@id":"https:\/\/logopaedia.at\/#\/schema\/logo\/image\/","url":"https:\/\/logopaedia.at\/wp-content\/uploads\/2023\/01\/favicon.ico.png","contentUrl":"https:\/\/logopaedia.at\/wp-content\/uploads\/2023\/01\/favicon.ico.png","width":512,"height":512,"caption":"LOGOPAEDIA"},"image":{"@id":"https:\/\/logopaedia.at\/#\/schema\/logo\/image\/"}}]}},"_links":{"self":[{"href":"https:\/\/logopaedia.at\/index.php\/wp-json\/wp\/v2\/pages\/6443","targetHints":{"allow":["GET"]}}],"collection":[{"href":"https:\/\/logopaedia.at\/index.php\/wp-json\/wp\/v2\/pages"}],"about":[{"href":"https:\/\/logopaedia.at\/index.php\/wp-json\/wp\/v2\/types\/page"}],"author":[{"embeddable":true,"href":"https:\/\/logopaedia.at\/index.php\/wp-json\/wp\/v2\/users\/1"}],"replies":[{"embeddable":true,"href":"https:\/\/logopaedia.at\/index.php\/wp-json\/wp\/v2\/comments?post=6443"}],"version-history":[{"count":289,"href":"https:\/\/logopaedia.at\/index.php\/wp-json\/wp\/v2\/pages\/6443\/revisions"}],"predecessor-version":[{"id":7930,"href":"https:\/\/logopaedia.at\/index.php\/wp-json\/wp\/v2\/pages\/6443\/revisions\/7930"}],"wp:attachment":[{"href":"https:\/\/logopaedia.at\/index.php\/wp-json\/wp\/v2\/media?parent=6443"}],"curies":[{"name":"wp","href":"https:\/\/api.w.org\/{rel}","templated":true}]}}