{"id":7017,"date":"2022-12-21T11:40:38","date_gmt":"2022-12-21T10:40:38","guid":{"rendered":"http:\/\/logopaedia.at\/?page_id=7017"},"modified":"2023-01-22T23:16:47","modified_gmt":"2023-01-22T22:16:47","slug":"datenschutz","status":"publish","type":"page","link":"https:\/\/logopaedia.at\/index.php\/datenschutz\/","title":{"rendered":"Datenschutz"},"content":{"rendered":"<p>[vc_row][vc_column css=&#8221;.vc_custom_1671619606426{padding-top: 50px !important;background-color: #ffffff !important;border-radius: 35px !important;}&#8221;][vc_column_text]<\/p>\n<h2>Datenschutz<\/h2>\n<p>Die Nutzung meiner Webseite ist in der Regel ohne Angabe personenbezogener Daten m\u00f6glich. Soweit auf meinen Seiten personenbezogene Daten (beispielsweise Name, Telefonnummer oder E-Mail-Adressen) erhoben werden, erfolgt dies stets auf freiwilliger Basis. Diese Daten werden ohne Ihre ausdr\u00fcckliche Zustimmung nicht an Dritte weitergegeben.<\/p>\n<p>Der Schutz Ihrer Daten ist mir ein besonderes Anliegen. Ich verarbeite Ihre Daten daher ausschlie\u00dflich auf Grundlage der gesetzlichen Bestimmungen (DSGVO, TKG).<\/p>\n<p>Der Nutzung von im Rahmen der Impressumspflicht ver\u00f6ffentlichten Kontaktdaten durch Dritte zur \u00dcbersendung von nicht ausdr\u00fccklich angeforderter Werbung und Informationsmaterialien wird hiermit ausdr\u00fccklich widersprochen.[\/vc_column_text]<div class=\"grve-element grve-align-left\"><a href=\"http:\/\/logopaedia.at\/index.php\/home\/\" title=\"Home\" class=\"grve-btn grve-btn-medium grve-extra-round grve-bg-primary-1 grve-bg-hover-orange\"><span>zur\u00fcck<\/span><\/a><\/div>[vc_row_inner][vc_column_inner][\/vc_column_inner][\/vc_row_inner][\/vc_column][\/vc_row]<\/p>\n","protected":false},"excerpt":{"rendered":"<p>[vc_row][vc_column css=&#8221;.vc_custom_1671619606426{padding-top: 50px !important;background-color: #ffffff !important;border-radius: 35px !important;}&#8221;][vc_column_text] Datenschutz Die Nutzung meiner Webseite ist in der Regel ohne Angabe personenbezogener Daten m\u00f6glich. Soweit auf meinen Seiten personenbezogene Daten (beispielsweise Name, Telefonnummer oder E-Mail-Adressen) erhoben werden, erfolgt dies stets auf freiwilliger Basis. Diese Daten werden ohne Ihre ausdr\u00fcckliche Zustimmung nicht an Dritte weitergegeben. Der Schutz Ihrer [&hellip;]<\/p>\n","protected":false},"author":1,"featured_media":0,"parent":0,"menu_order":0,"comment_status":"closed","ping_status":"closed","template":"","meta":{"footnotes":""},"class_list":["post-7017","page","type-page","status-publish","hentry"],"yoast_head":"<!-- This site is optimized with the Yoast SEO plugin v24.3 - https:\/\/yoast.com\/wordpress\/plugins\/seo\/ -->\n<title>Datenschutz - LOGOPAEDIA<\/title>\n<meta name=\"robots\" content=\"index, follow, max-snippet:-1, max-image-preview:large, max-video-preview:-1\" \/>\n<link rel=\"canonical\" href=\"https:\/\/logopaedia.at\/index.php\/datenschutz\/\" \/>\n<meta property=\"og:locale\" content=\"de_DE\" \/>\n<meta property=\"og:type\" content=\"article\" \/>\n<meta property=\"og:title\" content=\"Datenschutz - LOGOPAEDIA\" \/>\n<meta property=\"og:description\" content=\"[vc_row][vc_column css=&#8221;.vc_custom_1671619606426{padding-top: 50px !important;background-color: #ffffff !important;border-radius: 35px !important;}&#8221;][vc_column_text] Datenschutz Die Nutzung meiner Webseite ist in der Regel ohne Angabe personenbezogener Daten m\u00f6glich. Soweit auf meinen Seiten personenbezogene Daten (beispielsweise Name, Telefonnummer oder E-Mail-Adressen) erhoben werden, erfolgt dies stets auf freiwilliger Basis. Diese Daten werden ohne Ihre ausdr\u00fcckliche Zustimmung nicht an Dritte weitergegeben. Der Schutz Ihrer [&hellip;]\" \/>\n<meta property=\"og:url\" content=\"https:\/\/logopaedia.at\/index.php\/datenschutz\/\" \/>\n<meta property=\"og:site_name\" content=\"LOGOPAEDIA\" \/>\n<meta property=\"article:modified_time\" content=\"2023-01-22T22:16:47+00:00\" \/>\n<meta name=\"twitter:card\" content=\"summary_large_image\" \/>\n<meta name=\"twitter:label1\" content=\"Gesch\u00e4tzte Lesezeit\" \/>\n\t<meta name=\"twitter:data1\" content=\"1 minute\" \/>\n<script type=\"application\/ld+json\" class=\"yoast-schema-graph\">{\"@context\":\"https:\/\/schema.org\",\"@graph\":[{\"@type\":\"WebPage\",\"@id\":\"https:\/\/logopaedia.at\/index.php\/datenschutz\/\",\"url\":\"https:\/\/logopaedia.at\/index.php\/datenschutz\/\",\"name\":\"Datenschutz - LOGOPAEDIA\",\"isPartOf\":{\"@id\":\"https:\/\/logopaedia.at\/#website\"},\"datePublished\":\"2022-12-21T10:40:38+00:00\",\"dateModified\":\"2023-01-22T22:16:47+00:00\",\"breadcrumb\":{\"@id\":\"https:\/\/logopaedia.at\/index.php\/datenschutz\/#breadcrumb\"},\"inLanguage\":\"de-DE\",\"potentialAction\":[{\"@type\":\"ReadAction\",\"target\":[\"https:\/\/logopaedia.at\/index.php\/datenschutz\/\"]}]},{\"@type\":\"BreadcrumbList\",\"@id\":\"https:\/\/logopaedia.at\/index.php\/datenschutz\/#breadcrumb\",\"itemListElement\":[{\"@type\":\"ListItem\",\"position\":1,\"name\":\"Startseite\",\"item\":\"https:\/\/logopaedia.at\/\"},{\"@type\":\"ListItem\",\"position\":2,\"name\":\"Datenschutz\"}]},{\"@type\":\"WebSite\",\"@id\":\"https:\/\/logopaedia.at\/#website\",\"url\":\"https:\/\/logopaedia.at\/\",\"name\":\"LOGOPAEDIA\",\"description\":\"Logop\u00e4dische Praxis - Sandra Fr\u00f6ller, BSc.\",\"publisher\":{\"@id\":\"https:\/\/logopaedia.at\/#organization\"},\"alternateName\":\"Logopaedia\",\"potentialAction\":[{\"@type\":\"SearchAction\",\"target\":{\"@type\":\"EntryPoint\",\"urlTemplate\":\"https:\/\/logopaedia.at\/?s={search_term_string}\"},\"query-input\":{\"@type\":\"PropertyValueSpecification\",\"valueRequired\":true,\"valueName\":\"search_term_string\"}}],\"inLanguage\":\"de-DE\"},{\"@type\":\"Organization\",\"@id\":\"https:\/\/logopaedia.at\/#organization\",\"name\":\"LOGOPAEDIA\",\"url\":\"https:\/\/logopaedia.at\/\",\"logo\":{\"@type\":\"ImageObject\",\"inLanguage\":\"de-DE\",\"@id\":\"https:\/\/logopaedia.at\/#\/schema\/logo\/image\/\",\"url\":\"https:\/\/logopaedia.at\/wp-content\/uploads\/2023\/01\/favicon.ico.png\",\"contentUrl\":\"https:\/\/logopaedia.at\/wp-content\/uploads\/2023\/01\/favicon.ico.png\",\"width\":512,\"height\":512,\"caption\":\"LOGOPAEDIA\"},\"image\":{\"@id\":\"https:\/\/logopaedia.at\/#\/schema\/logo\/image\/\"}}]}<\/script>\n<!-- \/ Yoast SEO plugin. -->","yoast_head_json":{"title":"Datenschutz - LOGOPAEDIA","robots":{"index":"index","follow":"follow","max-snippet":"max-snippet:-1","max-image-preview":"max-image-preview:large","max-video-preview":"max-video-preview:-1"},"canonical":"https:\/\/logopaedia.at\/index.php\/datenschutz\/","og_locale":"de_DE","og_type":"article","og_title":"Datenschutz - LOGOPAEDIA","og_description":"[vc_row][vc_column css=&#8221;.vc_custom_1671619606426{padding-top: 50px !important;background-color: #ffffff !important;border-radius: 35px !important;}&#8221;][vc_column_text] Datenschutz Die Nutzung meiner Webseite ist in der Regel ohne Angabe personenbezogener Daten m\u00f6glich. Soweit auf meinen Seiten personenbezogene Daten (beispielsweise Name, Telefonnummer oder E-Mail-Adressen) erhoben werden, erfolgt dies stets auf freiwilliger Basis. Diese Daten werden ohne Ihre ausdr\u00fcckliche Zustimmung nicht an Dritte weitergegeben. Der Schutz Ihrer [&hellip;]","og_url":"https:\/\/logopaedia.at\/index.php\/datenschutz\/","og_site_name":"LOGOPAEDIA","article_modified_time":"2023-01-22T22:16:47+00:00","twitter_card":"summary_large_image","twitter_misc":{"Gesch\u00e4tzte Lesezeit":"1 minute"},"schema":{"@context":"https:\/\/schema.org","@graph":[{"@type":"WebPage","@id":"https:\/\/logopaedia.at\/index.php\/datenschutz\/","url":"https:\/\/logopaedia.at\/index.php\/datenschutz\/","name":"Datenschutz - LOGOPAEDIA","isPartOf":{"@id":"https:\/\/logopaedia.at\/#website"},"datePublished":"2022-12-21T10:40:38+00:00","dateModified":"2023-01-22T22:16:47+00:00","breadcrumb":{"@id":"https:\/\/logopaedia.at\/index.php\/datenschutz\/#breadcrumb"},"inLanguage":"de-DE","potentialAction":[{"@type":"ReadAction","target":["https:\/\/logopaedia.at\/index.php\/datenschutz\/"]}]},{"@type":"BreadcrumbList","@id":"https:\/\/logopaedia.at\/index.php\/datenschutz\/#breadcrumb","itemListElement":[{"@type":"ListItem","position":1,"name":"Startseite","item":"https:\/\/logopaedia.at\/"},{"@type":"ListItem","position":2,"name":"Datenschutz"}]},{"@type":"WebSite","@id":"https:\/\/logopaedia.at\/#website","url":"https:\/\/logopaedia.at\/","name":"LOGOPAEDIA","description":"Logop\u00e4dische Praxis - Sandra Fr\u00f6ller, BSc.","publisher":{"@id":"https:\/\/logopaedia.at\/#organization"},"alternateName":"Logopaedia","potentialAction":[{"@type":"SearchAction","target":{"@type":"EntryPoint","urlTemplate":"https:\/\/logopaedia.at\/?s={search_term_string}"},"query-input":{"@type":"PropertyValueSpecification","valueRequired":true,"valueName":"search_term_string"}}],"inLanguage":"de-DE"},{"@type":"Organization","@id":"https:\/\/logopaedia.at\/#organization","name":"LOGOPAEDIA","url":"https:\/\/logopaedia.at\/","logo":{"@type":"ImageObject","inLanguage":"de-DE","@id":"https:\/\/logopaedia.at\/#\/schema\/logo\/image\/","url":"https:\/\/logopaedia.at\/wp-content\/uploads\/2023\/01\/favicon.ico.png","contentUrl":"https:\/\/logopaedia.at\/wp-content\/uploads\/2023\/01\/favicon.ico.png","width":512,"height":512,"caption":"LOGOPAEDIA"},"image":{"@id":"https:\/\/logopaedia.at\/#\/schema\/logo\/image\/"}}]}},"_links":{"self":[{"href":"https:\/\/logopaedia.at\/index.php\/wp-json\/wp\/v2\/pages\/7017","targetHints":{"allow":["GET"]}}],"collection":[{"href":"https:\/\/logopaedia.at\/index.php\/wp-json\/wp\/v2\/pages"}],"about":[{"href":"https:\/\/logopaedia.at\/index.php\/wp-json\/wp\/v2\/types\/page"}],"author":[{"embeddable":true,"href":"https:\/\/logopaedia.at\/index.php\/wp-json\/wp\/v2\/users\/1"}],"replies":[{"embeddable":true,"href":"https:\/\/logopaedia.at\/index.php\/wp-json\/wp\/v2\/comments?post=7017"}],"version-history":[{"count":10,"href":"https:\/\/logopaedia.at\/index.php\/wp-json\/wp\/v2\/pages\/7017\/revisions"}],"predecessor-version":[{"id":7106,"href":"https:\/\/logopaedia.at\/index.php\/wp-json\/wp\/v2\/pages\/7017\/revisions\/7106"}],"wp:attachment":[{"href":"https:\/\/logopaedia.at\/index.php\/wp-json\/wp\/v2\/media?parent=7017"}],"curies":[{"name":"wp","href":"https:\/\/api.w.org\/{rel}","templated":true}]}}